{"id":59,"date":"2020-09-07T14:17:36","date_gmt":"2020-09-07T14:17:36","guid":{"rendered":"http:\/\/karlsstofa.ru.is\/?page_id=59"},"modified":"2023-01-27T16:59:58","modified_gmt":"2023-01-27T16:59:58","slug":"publications","status":"publish","type":"page","link":"https:\/\/karlsstofa.ru.is\/index.php\/publications\/","title":{"rendered":"PUBLICATIONS"},"content":{"rendered":"\t\t<div data-elementor-type=\"wp-page\" data-elementor-id=\"59\" class=\"elementor elementor-59\" data-elementor-post-type=\"page\">\n\t\t\t\t\t\t<section class=\"elementor-section elementor-top-section elementor-element elementor-element-33e5935 elementor-section-boxed elementor-section-height-default elementor-section-height-default\" data-id=\"33e5935\" data-element_type=\"section\" data-e-type=\"section\" data-settings=\"{&quot;background_background&quot;:&quot;classic&quot;}\">\n\t\t\t\t\t\t<div class=\"elementor-container elementor-column-gap-default\">\n\t\t\t\t\t<div class=\"elementor-column elementor-col-66 elementor-top-column elementor-element elementor-element-d75a926\" data-id=\"d75a926\" data-element_type=\"column\" data-e-type=\"column\">\n\t\t\t<div class=\"elementor-widget-wrap elementor-element-populated\">\n\t\t\t\t\t\t<div class=\"elementor-element elementor-element-431bca2 elementor-widget elementor-widget-heading\" data-id=\"431bca2\" data-element_type=\"widget\" data-e-type=\"widget\" data-widget_type=\"heading.default\">\n\t\t\t\t<div class=\"elementor-widget-container\">\n\t\t\t\t\t<h2 class=\"elementor-heading-title elementor-size-default\">PUBLICATIONS<\/h2>\t\t\t\t<\/div>\n\t\t\t\t<\/div>\n\t\t\t\t<div class=\"elementor-element elementor-element-9a4bbd9 elementor-widget-divider--view-line elementor-widget elementor-widget-divider\" data-id=\"9a4bbd9\" data-element_type=\"widget\" data-e-type=\"widget\" data-widget_type=\"divider.default\">\n\t\t\t\t<div class=\"elementor-widget-container\">\n\t\t\t\t\t\t\t<div class=\"elementor-divider\">\n\t\t\t<span class=\"elementor-divider-separator\">\n\t\t\t\t\t\t<\/span>\n\t\t<\/div>\n\t\t\t\t\t\t<\/div>\n\t\t\t\t<\/div>\n\t\t\t\t<div class=\"elementor-element elementor-element-d2ccc1b elementor-widget elementor-widget-text-editor\" data-id=\"d2ccc1b\" data-element_type=\"widget\" data-e-type=\"widget\" data-widget_type=\"text-editor.default\">\n\t\t\t\t<div class=\"elementor-widget-container\">\n\t\t\t\t\t\t\t\t\t<p>Throughout his career Karl has worked on elucidating the neural substrates of \u00a0sleep either using\u00a0 humans or rodent and zebrafish as models. The core questions revolve on\u00a0elucidating the neural substrates of sleep in this teleost fish, comparing them to what is known in mammals; revealing the state-dependent genetic expression in zebrafish and to clarify the role of sleep in various aspects of neural plasticity. \u00a0Over the years the focus has shifted towards using zebrafish for various CNS disease modelling and drug discovery. The core methods we employ in the lab include automated behavioral analysis, basic genetics, metabolomics, histology and <em>in vivo\/in vitro<\/em> electrophysiology.\u00a0<\/p>\t\t\t\t\t\t\t\t<\/div>\n\t\t\t\t<\/div>\n\t\t\t\t<div class=\"elementor-element elementor-element-6ae8d96 elementor-invisible elementor-widget elementor-widget-heading\" data-id=\"6ae8d96\" data-element_type=\"widget\" data-e-type=\"widget\" data-settings=\"{&quot;_animation&quot;:&quot;slideInUp&quot;}\" data-widget_type=\"heading.default\">\n\t\t\t\t<div class=\"elementor-widget-container\">\n\t\t\t\t\t<h2 class=\"elementor-heading-title elementor-size-default\">PUBLISHED ARTICLES<br><\/h2>\t\t\t\t<\/div>\n\t\t\t\t<\/div>\n\t\t\t\t\t<\/div>\n\t\t<\/div>\n\t\t\t\t<div class=\"elementor-column elementor-col-33 elementor-top-column elementor-element elementor-element-cc074a5\" data-id=\"cc074a5\" data-element_type=\"column\" data-e-type=\"column\">\n\t\t\t<div class=\"elementor-widget-wrap\">\n\t\t\t\t\t\t\t<\/div>\n\t\t<\/div>\n\t\t\t\t\t<\/div>\n\t\t<\/section>\n\t\t\t\t<section class=\"elementor-section elementor-top-section elementor-element elementor-element-b44ed3e elementor-section-boxed elementor-section-height-default elementor-section-height-default\" data-id=\"b44ed3e\" data-element_type=\"section\" data-e-type=\"section\" data-settings=\"{&quot;background_background&quot;:&quot;classic&quot;}\">\n\t\t\t\t\t\t<div class=\"elementor-container elementor-column-gap-default\">\n\t\t\t\t\t<div class=\"elementor-column elementor-col-66 elementor-top-column elementor-element elementor-element-980bae2\" data-id=\"980bae2\" data-element_type=\"column\" data-e-type=\"column\">\n\t\t\t<div class=\"elementor-widget-wrap elementor-element-populated\">\n\t\t\t\t\t\t<div class=\"elementor-element elementor-element-8acb10d elementor-invisible elementor-widget elementor-widget-text-editor\" data-id=\"8acb10d\" data-element_type=\"widget\" data-e-type=\"widget\" data-settings=\"{&quot;_animation&quot;:&quot;slideInUp&quot;}\" data-widget_type=\"text-editor.default\">\n\t\t\t\t<div class=\"elementor-widget-container\">\n\t\t\t\t\t\t\t\t\t<p>Sveinsd\u00f3ttir HS, Christensen C, \u00deorsteinsson H, Lavalou P, Parker MO, Shkumatava A, Norton WHJ, Andriambeloson E, Wagner S, Karlsson K\u00c6. <strong><span style=\"text-decoration: underline;\">Novel non-stimulants rescue hyperactive phenotype in an adgrl3.1 mutant zebrafish model of ADHD.<\/span><\/strong> Neuropsychopharmacology. 2022 Nov 18. doi: 10.1038\/s41386-022-01505-z. Epub ahead of print. PMID: 36400921.<\/p><p>Sveinsd\u00f3ttir HS, Decker A, Christensen C, Lucena PB, \u00deorsteinsson H, Richert E, Maier VH, Cornell R, Karlsson K\u00c6. <strong><span style=\"text-decoration: underline;\">Motility phenotype in a zebrafish vmat2 mutant.<\/span><\/strong> PLoS One. 2022 Jan 5;17(1):e0259753. doi: 10.1371\/journal.pone.0259753. PMID: 34986152; PMCID: PMC8730441.<\/p><p>Paul R. Manger, Nina Patzke, Muhammad A. Spocter, Adhil Bhagwandin, Karl \u00c6. Karlsson, Mads F. Bertelsen, Abdulaziz N. Alagaili, Nigel C. Bennett, Osama B. Mohammed, Suzana Herculano-Houzel, Patrick R. Hof, Kjell Fuxe. <a href=\"https:\/\/www.nature.com\/articles\/s41598-021-84762-0\"><span style=\"text-decoration: underline;\"><strong>Amplification of potential thermogenetic mechanisms in cetacean brains compared to artiodactyl brains<\/strong><\/span><\/a>. Scientific Reports. <b data-test=\"journal-volume\">11<\/b>, Article\u00a0number:\u00a0<span data-test=\"article-number\">5486<\/span>\u00a0(<span data-test=\"article-publication-year\">2021<\/span>)\u00a0<\/p><p><span style=\"font-size: 1rem;\">Christensen C, \u00deorsteinsson H, Maier VH, Karlsson K\u00c6.<\/span> <span style=\"text-decoration: underline;\"><strong><span style=\"font-size: 1rem;\"><a href=\"https:\/\/pubmed.ncbi.nlm.nih.gov\/33390914\/\">Multi-parameter Behavioral Phenotyping of the MPP+ Model of Parkinson&#8217;s Disease in Zebrafish.<\/a><\/span><\/strong><\/span>\u00a0Front Behav Neurosci. 2020 Dec 18;14:623924. doi: 10.3389\/fnbeh.2020.623924. PMID: 33390914; PMCID: PMC7775599.<\/p><p><a href=\"https:\/\/pubmed.ncbi.nlm.nih.gov\/28223099\/\"><u><b>Transient<\/b><\/u><strong><u> knock-down of kcna2 reduces sleep in larval zebrafish.<\/u><\/strong><\/a> S Srdanovi\u0107, H \u00deorsteinsson, \u00de Fri\u00f0riksson, S\u00d3 P\u00e9tursson, VH Maier &amp; Karlsson, K.\u00c6. Behavioural Brain Research. (2017) 326, 13-21.<\/p><p><a href=\"https:\/\/pubmed.ncbi.nlm.nih.gov\/26588800\/\"><span style=\"text-decoration: underline;\"><strong>Organization of the sleep\u2010related neural systems in the brain of the minke whale (Balaenoptera acutorostrata)<\/strong><\/span>.<\/a>\u00a0(2015) Leigh-Ann Dell, Karl \u00c6. Karlsson, Muhammad A. Spocter, Jerome M. Siegel and Paul R. Manger.<span style=\"font-weight: var( --e-global-typography-text-font-weight ); font-size: 1rem; font-family: var( --e-global-typography-text-font-family ), Sans-serif; color: var( --e-global-color-text );\"> Journal of Comparative Neuroanatomy DOI 10.1002\/cne.23931<\/span><\/p><p><span style=\"text-decoration-line: underline;\"><span style=\"font-weight: bold;\"><a style=\"color: #000000; outline: 0px;\" href=\"https:\/\/www.sciencedirect.com\/science\/article\/pii\/S0891061815000587?via%3Dihub\">Orexinergic bouton density is lower in the cerebral cortex of cetaceans compared to artiodactyls.<\/a><\/span><\/span> (2015) Nina Patzke, Muhammad A. Spocter, Karl \u00c6. Karlsson, Mads F. Bertelsen, Mark Haagensen, Richard Chawana, Sonja Streicher, Consolate Kaswera, Emmanuel Gilissen, Abdulaziz N. Alagaili, Osama B. Mohammed, Roger L. Reep, Nigel C. Bennett, Jerry M. Siegel, Amadi O. Ihunwo, Paul R. Manger. Journal of chemical neuroanatomy 68, 61-76.\u00a0<span style=\"font-weight: var( --e-global-typography-text-font-weight ); font-size: 1rem; font-family: var( --e-global-typography-text-font-family ), Sans-serif; color: var( --e-global-color-text );\"><br \/><\/span><\/p><p><span style=\"text-decoration-line: underline;\"><span style=\"font-weight: bold;\"><a href=\"https:\/\/pubmed.ncbi.nlm.nih.gov\/26003945\/\">Absence of rapid eye movements during sleep in adult zebrafish.<\/a><\/span><\/span> \u00c1rnason, B.B, \u00deorsteinsson, H. &amp; Karlsson, K.\u00c6.(<span style=\"color: var( --e-global-color-text ); font-family: var( --e-global-typography-text-font-family ), Sans-serif; font-weight: var( --e-global-typography-text-font-weight ); font-size: 1rem;\">2015).<\/span><span style=\"color: var( --e-global-color-text ); font-family: var( --e-global-typography-text-font-family ), Sans-serif; font-weight: var( --e-global-typography-text-font-weight ); font-size: 1rem;\">\u00a0Behavioural Brain Research 15; 291, 189-194.<\/span><\/p><p>Sigurgeirsson, B., \u00deorsteinsson, H., Sigmundsd\u00f3ttir, S., Lieder, R., Sveinsd\u00f3ttir, H., Halld\u00f3rsson, B.V. &amp; Karlsson, K.\u00c6. <strong><a href=\"https:\/\/pubmed.ncbi.nlm.nih.gov\/23994128\/\"><u>Sleep-wake modulation of gene expression in zebrafish.<\/u><\/a><\/strong> (2013). Behavioural Brain Research. 256: 377-390<\/p><p>Nina Patzke, Muhammad A. Spocter, Karl \u00c6. Karlsson, Mads F. Bertelsen, Mark Haagensen, Richard Chawana, Sonja Streicher, Consolate Kaswera, Emmanuel Gilissen, Abdulaziz N. Alagaili, Osama B. Mohammed, Roger L. Reep, Nigel C. Bennett, Jerry M. Siegel, Amadi O. Ihunwo, Paul R. Manger. (2013).<br \/><span style=\"text-decoration: underline;\"><strong><a href=\"https:\/\/pubmed.ncbi.nlm.nih.gov\/24178679\/\">In contrast to many other mammals, cetaceans have relatively small hippocampi that appear to lack adult neurogenesis.<\/a><\/strong><\/span> Brain Structure and Function. DOI 10.1007\/s00429-013-0660-1<\/p><p>Sorribes, A., \u00deorsteinsson, H., Arnard\u00f3ttir, H., J\u00f3hannesd\u00f3ttir, I., de Polavieja, G. &amp; Karlsson, K.\u00c6.<br \/><span style=\"text-decoration: underline;\"><span style=\"font-weight: bold;\"><a href=\"https:\/\/www.ncbi.nlm.nih.gov\/pmc\/articles\/PMC3826060\/\">The ontogeny of sleep-wake cycles in zebrafish: a comparison to humans.<\/a><\/span><\/span> <em>Frontiers in Neural Circuits<\/em>. Vol 7, Article 178 1-13<\/p><p>Ashley M. Blouin, Itzhak I. Fried, Charles L. Wilson, Richard J. Staba, Eric J. Behnke, Hoa A. Lam, Nigel T. Maidment, Karl \u00c6. Karlsson, Jennifer Lapierre &amp; Jerome M. Siegel.<a href=\"https:\/\/www.nature.com\/articles\/ncomms2461\"><b><u> Hypocretin and melanin concentrating hormone levels in humans: Strong linkage to emotion and social interaction.<\/u><\/b><\/a> Nature Communication, 4, 1547, \u00a0doi: 10.1038\/ncomms2461<\/p><p><span style=\"color: #272727;\">Vargas, R., \u00deorsteinsson, H. &amp; Karlsson, K.\u00c6. (2011).<span style=\"text-decoration: underline;\"><a href=\"https:\/\/pubmed.ncbi.nlm.nih.gov\/22207154\/\"><span style=\"font-weight: bold;\"> Spontaneous neural activity of the anterodorsal lobe and entopeduncular nucleus in adult zebrafish: a putative homologue of hippocampal sharp waves.<\/span><\/a><\/span><\/span><span style=\"color: #272727;\"> Behavioural Brain Research, doi:10.1016\/j.bbr.2011.12.025<\/span><\/p><p>Sigurgeirsson, B., \u00deorsteinsson, H., Arnard\u00f3ttir, H., J\u00f3hannesd\u00f3ttir, I. &amp; Karlsson K.\u00c6. (2011).\u00a0<span style=\"text-decoration-line: underline;\"><span style=\"font-weight: bold;\"><a href=\"https:\/\/pubmed.ncbi.nlm.nih.gov\/21882999\/#:~:text=We%20show%20that%20modafinil%20modulates,night%20(lights-off)\">Effects of modafinil on sleep\u2013wake cycles in larval zebrafish.<\/a><\/span><\/span> Zebrafish. doi:10.1089\/zeb.2011.0708<span style=\"color: #272727;\"><br \/><\/span><\/p><p>Vargas, R., J\u00f3hannesd\u00f3ttir, I.\u00de., Sigurgeirsson, B., \u00deorsteinsson H. &amp; Karlsson K.\u00c6. (2011). <span style=\"text-decoration: underline;\"><a href=\"https:\/\/pubmed.ncbi.nlm.nih.gov\/21652504\/\"><span style=\"font-weight: bold;\">The zebrafish brain in research and teaching: a simple in vivo and in vitro model for the study of spontaneous neural activity.<\/span><\/a><\/span>\u00a0 Advances in Physiology Education 35 (2), 188-196.<\/p><p>Arnard\u00f3ttir, H., \u00deorsteinsson, H. &amp; Karlsson, K.\u00c6. (2010).<span style=\"text-decoration: underline;\"><span style=\"font-weight: bold;\"> <a style=\"color: #000000; outline: 0px; text-decoration: underline;\" href=\"https:\/\/www.ncbi.nlm.nih.gov\/pmc\/articles\/PMC3014566\/\">Dynamics of sleep\u2013wake cyclicity at night across the human lifespan.<\/a><\/span><\/span> <em>Frontiers of Neurology. Front. Neur.<\/em> 1:156. doi: 10.3389\/fneur.2010.00156 2010.<\/p><p>Karlsson, K. \u00c6., Arnard\u00f3ttir, H., Robinson, S. R. &amp; Blumberg, M. S. (2010).<span style=\"text-decoration-line: underline;\"><span style=\"font-weight: bold;\">\u00a0<a href=\"https:\/\/www.ncbi.nlm.nih.gov\/pmc\/articles\/PMC3677552\/\">Dynamics of sleep\u2013wake cyclicity across the fetal period in sheep (Ovis aries)<\/a><\/span><\/span><span style=\"text-decoration-line: underline;\">.<\/span>\u00a0Developmental psychobiology 53 (1), 89-95.<\/p><p>\u00deorsteinsson, H., Reynisson, H.M., Sigur\u00f0ard\u00f3ttir, L.\u00dd., Dagbjartsson, A., &amp; Karlsson, K. \u00c6. (2010).<span style=\"text-decoration: underline;\"><span style=\"font-weight: bold;\"> <a style=\"color: #000000; outline: 0px; text-decoration: underline;\" href=\"https:\/\/pubmed.ncbi.nlm.nih.gov\/20188125\/\">Behavioral correlates of direct current-coupled electrographic activity in premature infants.<\/a><\/span><\/span> <em>Behavioural brain research<\/em>. Vol, 211(1), 11-15.<\/p><p>Karlsson, K. \u00c6., Windischberger, C., Gerstl, F., Mayr, W., Siegel, J.M., Moser, E.(2010).<span style=\"text-decoration: underline;\"><span style=\"font-weight: bold;\"> <a href=\"https:\/\/pubmed.ncbi.nlm.nih.gov\/20156568\/\">Modulation of hypothalamus and amygdalar activation levels with stimulus valence.<\/a><\/span><\/span>\u00a0 <em>Neuroimage, Vol<\/em> 51 (1), 324-328.<\/p><p>\u00deorsteinsson, H. &amp; Karlsson, K.\u00c6. (2009).<span style=\"text-decoration: underline;\"><span style=\"font-weight: bold;\"> <a style=\"color: #000000; outline: 0px; text-decoration: underline;\" href=\"https:\/\/www.researchgate.net\/publication\/228632833_Is_Sleep_Beyond_Our_Control\">Is Sleep Beyond Our Control?<\/a><\/span><\/span> <em>The Open Sleep Journal<\/em> <em>Vol<\/em> 2, 48-55.<\/p><p><span style=\"color: #272727;\">Mohns, E. J., Karlsson, K. \u00c6., &amp; Blumberg, M.S. (2007). <span style=\"text-decoration: underline;\"><span style=\"font-weight: bold;\"><a style=\"color: #000000; outline: 0px; text-decoration: underline;\" href=\"https:\/\/onlinelibrary.wiley.com\/doi\/full\/10.1111\/j.1460-9568.2007.05928.x\">Developmental emergence of transient and persistent hippocampal events and oscillations and their association with infant seizure susceptibility<\/a><\/span><\/span><\/span><span style=\"color: #272727;\"><span style=\"text-decoration: underline;\">.<\/span> <i>European Journal of Neuroscience.<\/i>\u00a0<i>Vol 26<\/i> (10), 2719-2730.<\/span><\/p><p><span style=\"color: #272727;\">Blumberg, M.S., Karlsson, K. \u00c6. &amp; Seelke, A.M. (2007). <span style=\"text-decoration: underline;\"><strong><a href=\"https:\/\/www.ncbi.nlm.nih.gov\/pmc\/articles\/PMC2633121\/\">Sleep, development and human health.<\/a><\/strong><\/span> <em>Sleep<\/em>. <em>Vol<\/em> 30, 5, 549-550.<\/span><\/p><p><span style=\"color: #272727;\">Karlsson, K.\u00c6.,Vianna Di Prisco, G., Mohns, E.J. &amp; Blumberg M.S. (2006).<a href=\"https:\/\/www.ncbi.nlm.nih.gov\/pmc\/articles\/PMC2645543\/\"><b><u>\u00a0<\/u><\/b><\/a><\/span><a href=\"https:\/\/www.ncbi.nlm.nih.gov\/pmc\/articles\/PMC2645543\/\"><b><u>On the Co-expression of Startles and Hippocampal Sharp Waves in Newborn rats.<\/u><\/b><\/a><span style=\"color: #272727;\">\u00a0<i>Hippocampus. Vol<\/i>, 11, 959-965.<\/span><\/p><p><span style=\"color: #272727;\">Mohns, E. J., Karlsson, K. \u00c6., &amp; Blumberg, M.S. (2006). <span style=\"font-weight: bold;\"><a style=\"color: #000000; outline: 0px;\" href=\"https:\/\/www.ncbi.nlm.nih.gov\/pmc\/articles\/PMC2645537\/\"><span style=\"text-decoration: underline;\">The ventrolateral preoptic area and basal forebrain play opposing roles in the descending modulation of sleep-wake cyclicity in infant rats<\/span><\/a><\/span><\/span><span style=\"color: #272727;\"><span style=\"text-decoration: underline;\">.<\/span> <em>European Journal of Neuroscience. Vol<\/em> 20, 1301-1310.<\/span><span style=\"color: #272727;\"><br \/><\/span><\/p><p><span style=\"color: #272727;\">Blumberg, M.S., Seelke, A. M., Lowen, S.B., &amp; Karlsson, K. \u00c6. (2005). <a href=\"https:\/\/www.researchgate.net\/publication\/7572890_Dynamics_of_sleep-wake_cyclicity_in_developing_rats\"><b><u>Dynamics of Sleep-Wake Cyclicity in Developing Rats.<\/u><\/b><\/a> <i>Proceedings of the National Academy of Sciences. Vol<\/i>, 102, 14860-14864.<\/span><\/p><p><span style=\"color: #272727;\">Seelke, A. M., Karlsson, K. \u00c6., Gall, A. J. &amp; Blumberg M. S. (2005). <a href=\"https:\/\/www.ncbi.nlm.nih.gov\/pmc\/articles\/PMC2672593\/\"><b><u>Extraocular Muscle Activity, Rapid Eye Movements, and the Development of Active and Quiet Sleep<\/u><\/b><\/a>. <i>European Journal of Neuroscience<\/i>. 22, 911-920.<\/span><\/p><p><span style=\"color: #272727;\">Karlsson, K. \u00c6., Gall, A. J. Mohns, E. J. &amp; Blumberg, M.S. (2005). <a href=\"https:\/\/www.ncbi.nlm.nih.gov\/pmc\/articles\/PMC1079781\/\"><b><u>The Neural Substrates of Infant Sleep in Rats.<\/u><\/b><\/a> Public Library of Science Biology. 3(5): e143<br \/><\/span><\/p><p><span style=\"color: #272727;\">Karlsson, K. \u00c6. &amp; Blumberg, M.S. (2005). <a href=\"https:\/\/www.ncbi.nlm.nih.gov\/pmc\/articles\/PMC2630882\/\"><b><u>Active Control of Atonia in Week-Old Rats.<\/u><\/b><\/a> <i>Neuroscience<\/i>. 130, 275-283.<br \/><\/span><\/p><p><span style=\"color: #272727;\">Blumberg, M.S., Karlsson, K. \u00c6., Seelke, A.M.H. &amp; Mohns, E. (2004). <a href=\"https:\/\/onlinelibrary.wiley.com\/doi\/full\/10.1111\/j.1365-2869.2004.00430_1.x\"><b><u>The Ontogeny of Mammalian Sleep: A Reply to Frank and Heller (2003).<\/u><\/b><\/a> <i>Journal of Sleep Research<\/i>, 14, 91-101.<br \/><\/span><\/p><p><span style=\"color: #272727;\">Karlsson, K. \u00c6. &amp; Blumberg, M.S. (2004). <a href=\"https:\/\/pubmed.ncbi.nlm.nih.gov\/14573549\/\"><b><u>Temperature-Induced Reciprocal Activation of Hippocampal Field Activity in vivo.<\/u><\/b><\/a> <i>Journal of Neurophysiology<\/i>, 91, 583-588.<\/span><\/p><p><span style=\"color: #272727;\">Karlsson, K. \u00c6., Kreider, J.C. &amp; Blumberg, M.S. (2004). <a href=\"https:\/\/pubmed.ncbi.nlm.nih.gov\/14698764\/\"><b><u>Hypothalamic Contributions to Sleep-Wake Cycle Development.<\/u><\/b><\/a> <i>Neuroscience<\/i>, 123, 575-582.<\/span><\/p><p><span style=\"color: #272727;\">Karlsson, K. \u00c6. &amp; Blumberg, M. S. (2003). <a href=\"https:\/\/pubmed.ncbi.nlm.nih.gov\/12598598\/\"><b><u>Hippocampal Theta in the Newborn Rat is Revealed Under Conditions That Promote REM sleep.<\/u><\/b><\/a> <i>The Journal of Neuroscience<\/i>, 23(4) 1114-1118.<\/span><\/p><p><span style=\"color: #272727;\">Karlsson, K. \u00c6., &amp; Blumberg, M. S. (2002). <a href=\"https:\/\/pubmed.ncbi.nlm.nih.gov\/12369810\/\"><b><u>Union of the State: Myoclonic Twitching is Coupled with Muscle Atonia in Infant Rats.<\/u><\/b><\/a> <i>Behavioral Neuroscience<\/i>, 116, 912-917.<\/span><\/p><div>\u00a0<\/div>\t\t\t\t\t\t\t\t<\/div>\n\t\t\t\t<\/div>\n\t\t\t\t\t<\/div>\n\t\t<\/div>\n\t\t\t\t<div class=\"elementor-column elementor-col-33 elementor-top-column elementor-element elementor-element-752e00b\" data-id=\"752e00b\" data-element_type=\"column\" data-e-type=\"column\">\n\t\t\t<div class=\"elementor-widget-wrap elementor-element-populated\">\n\t\t\t\t\t\t<div class=\"elementor-element elementor-element-d3a6d51 elementor-invisible elementor-widget elementor-widget-image\" data-id=\"d3a6d51\" data-element_type=\"widget\" data-e-type=\"widget\" data-settings=\"{&quot;_animation&quot;:&quot;slideInRight&quot;}\" data-widget_type=\"image.default\">\n\t\t\t\t<div class=\"elementor-widget-container\">\n\t\t\t\t\t\t\t\t\t\t\t\t\t\t\t<img fetchpriority=\"high\" decoding=\"async\" width=\"472\" height=\"800\" src=\"https:\/\/karlsstofa.ru.is\/wp-content\/uploads\/2020\/10\/zebrafiskar2.jpg\" class=\"attachment-full size-full wp-image-401\" alt=\"\" srcset=\"https:\/\/karlsstofa.ru.is\/wp-content\/uploads\/2020\/10\/zebrafiskar2.jpg 472w, https:\/\/karlsstofa.ru.is\/wp-content\/uploads\/2020\/10\/zebrafiskar2-177x300.jpg 177w\" sizes=\"100vw\" \/>\t\t\t\t\t\t\t\t\t\t\t\t\t\t\t<\/div>\n\t\t\t\t<\/div>\n\t\t\t\t\t<\/div>\n\t\t<\/div>\n\t\t\t\t\t<\/div>\n\t\t<\/section>\n\t\t\t\t<\/div>\n\t\t","protected":false},"excerpt":{"rendered":"<p>PUBLICATIONS Throughout his career Karl has worked on elucidating the neural substrates of \u00a0sleep either using\u00a0 humans or rodent and zebrafish as models. The core questions revolve on\u00a0elucidating the neural substrates of sleep in this teleost fish, comparing them to what is known in mammals; revealing the state-dependent genetic expression in zebrafish and to clarify &hellip; <\/p>\n<p class=\"link-more\"><a href=\"https:\/\/karlsstofa.ru.is\/index.php\/publications\/\" class=\"more-link\">Continue reading<span class=\"screen-reader-text\"> &#8220;PUBLICATIONS&#8221;<\/span><\/a><\/p>\n","protected":false},"author":3,"featured_media":0,"parent":0,"menu_order":0,"comment_status":"closed","ping_status":"closed","template":"elementor_header_footer","meta":{"footnotes":""},"class_list":["post-59","page","type-page","status-publish","hentry"],"_links":{"self":[{"href":"https:\/\/karlsstofa.ru.is\/index.php\/wp-json\/wp\/v2\/pages\/59","targetHints":{"allow":["GET"]}}],"collection":[{"href":"https:\/\/karlsstofa.ru.is\/index.php\/wp-json\/wp\/v2\/pages"}],"about":[{"href":"https:\/\/karlsstofa.ru.is\/index.php\/wp-json\/wp\/v2\/types\/page"}],"author":[{"embeddable":true,"href":"https:\/\/karlsstofa.ru.is\/index.php\/wp-json\/wp\/v2\/users\/3"}],"replies":[{"embeddable":true,"href":"https:\/\/karlsstofa.ru.is\/index.php\/wp-json\/wp\/v2\/comments?post=59"}],"version-history":[{"count":129,"href":"https:\/\/karlsstofa.ru.is\/index.php\/wp-json\/wp\/v2\/pages\/59\/revisions"}],"predecessor-version":[{"id":483,"href":"https:\/\/karlsstofa.ru.is\/index.php\/wp-json\/wp\/v2\/pages\/59\/revisions\/483"}],"wp:attachment":[{"href":"https:\/\/karlsstofa.ru.is\/index.php\/wp-json\/wp\/v2\/media?parent=59"}],"curies":[{"name":"wp","href":"https:\/\/api.w.org\/{rel}","templated":true}]}}